{"id":4607,"date":"2017-05-01T13:57:54","date_gmt":"2017-05-01T10:57:54","guid":{"rendered":"https:\/\/www.revers-sun.fi\/?page_id=4607"},"modified":"2022-12-26T05:06:05","modified_gmt":"2022-12-26T03:06:05","slug":"linkit","status":"publish","type":"page","link":"https:\/\/www.revers-sun.fi\/fi\/linkit","title":{"rendered":"Linkit"},"content":{"rendered":"<p><a href=\"http:\/\/raitis.fi\/\">RAITTIUDEN YST\u00c4V\u00c4T RY<\/a><\/p>\n<p><a href=\"https:\/\/www.paihteetonpaa.fi\/\">P\u00c4IHTEET\u00d6NP\u00c4\u00c4<\/a><\/p>\n<p><a href=\"http:\/\/www.ehyt.fi\/fi\/mita-me-teemme\">Ehk\u00e4isev\u00e4 p\u00e4ihdety\u00f6 EHYT ry<\/a><\/p>\n<p><a href=\"http:\/\/annalapselleraitisjoulu.fi\/wordpress\/\">ANNA LAPSELLE RAITIS JOULU<\/a><\/p>\n<p><a href=\"http:\/\/www.ept-verkosto.fi\/\">EHK\u00c4ISEV\u00c4N P\u00c4IHDETY\u00d6N J\u00c4RJEST\u00d6VERKOSTO<\/a><\/p>\n<p><a href=\"http:\/\/kannikapina.fi\/\">K\u00c4NNIKAPINA<\/a><\/p>\n<p><a href=\"https:\/\/www.koitto.net\/\">RAITTIUSYHDISTYS KOITTO RY<\/a><\/p>\n<p><a href=\"https:\/\/thl.fi\/fi\/\">Terveyden ja Hyvinvoinnin Laitos<\/a><\/p>\n<p><a title=\"\" href=\"http:\/\/www.drugfreeworld.org\/about-us\/about-the-foundation.html\" target=\"\" rel=\"noopener noreferrer\">FOUNDATION FOR DRUG-FREE WORLD<\/a><\/p>\n<p><a title=\"\" href=\"http:\/\/www.drugfreeworld.org\/drugfacts\/drugs\/basic-facts-about-commonly-abused-drugs.html\" target=\"\" rel=\"noopener noreferrer\">BASIC FACTS ABOUT COMMONLY ABUSED DRUGS<\/a><\/p>\n<p><a title=\"\" href=\"http:\/\/www.dormanpub.com\/\" target=\"\" rel=\"noopener noreferrer\">Fact, Fiction &amp; Fraud in Modern Medicine<\/a><\/p>\n<p><a href=\"http:\/\/www.zeitgeistmovie.com\/\">THE ZEITGEIST FILM SERIES<\/a><\/p>\n<p><a href=\"https:\/\/mf0.me\">Mr. Freeman<\/a><\/p>\n<p><a href=\"https:\/\/vapaamuurarit.fi\">Suomen Suurloosi<\/a><\/p>\n<p><a href=\"https:\/\/sufihealingorder.net\/home\">SUFI HEALING ORDER<\/a><\/p>\n<p><a href=\"https:\/\/inayatiorder.org\/about\/the-inayati-order\/\">THE INAYATI ORDER<\/a><\/p>\n<p><a href=\"https:\/\/inayatiyyaziraat.org\">INAYATIYYA ZIRAAT<\/a><\/p>\n<p><a href=\"https:\/\/theuniversalworship.org\">UNIVERSAL WORSHIP<\/a><\/p>\n<p><a href=\"https:\/\/sufihealingorder.net\/a-blessing-for-the-world\">INAYATIYYA HEALING ACTIVITY<\/a><\/p>\n<p><a href=\"https:\/\/ruhaniat.org\">SUFI RUHANIAT INTERNATIONAL<\/a><\/p>\n<p><a href=\"https:\/\/dancesofuniversalpeace.org\">Dances of Universal Peace<\/a><\/p>\n<p><a href=\"https:\/\/wahiduddin.net\/hik\/hik_origins.htm\">HAZRAT INAYAT KHAN<\/a><\/p>\n<p><a href=\"https:\/\/www.nekbakhtfoundation.org\">NEKHBAKHT FOUNDATION.Archives of Hazrat Inayat Khan<\/a><\/p>\n<p><a href=\"http:\/\/www.pirzia.org\/\">PIR ZIA INAYAT-KHAN<\/a><\/p>\n<p><a href=\"http:\/\/www.pirvilayatlegacy.net\/\">PIR VILAYAT INAYAT KHAN<\/a><\/p>\n<p><a href=\"http:\/\/www.shatanashram.in\">SHATAN ASHRAM Love. Devotion. Work. Knowledge<\/a><\/p>\n<p><a href=\"https:\/\/www.facebook.com\/shatanashraminkouluntukiry\/\">SHATAN ASHRAMIN KOULUN TUKI RY<\/a><\/p>\n<p><a href=\"https:\/\/belurmath.org\">RAMAKRISHNA MATH AND RAMAKRISHNA MISSION<\/a><\/p>\n<p><a href=\"http:\/\/www.srisaradamath.org\/home.php\">SRI SARADA MATH<\/a><\/p>\n<p><a href=\"https:\/\/vedicfeed.com\">VEDICFEED<\/a><\/p>\n<p><a href=\"http:\/\/www.hindupedia.com\/en\/Main_Page\">HUNDUPEDIA<\/a><\/p>\n<p><a href=\"http:\/\/www.hinduwebsite.com\/\">HINDUWEBSITE<\/a><\/p>\n<p><a href=\"http:\/\/www.yogalinks.ru\/english\/e-shaivism.php\">INTERNET RESOURCES OF YOGA, TANTRA AND RELATED TRADITIONS<\/a><\/p>\n<p><a href=\"http:\/\/www.sacred-texts.com\/about.htm\">SACRED-TEXTS<\/a><\/p>\n<p><a href=\"https:\/\/www.dancesofuniversalpeace.org\/intnew\/home.shtm\">DANCES OF UNIVERSAL PEACE<\/a><\/p>\n<p><a href=\"http:\/\/www.hheonline.org\/index.shtml\">HUNDU HERITAGE ENDOWMENT<\/a><\/p>\n<p><a href=\"http:\/\/www.hinduismtoday.com\/\">HINDUISM TODAY<\/a><\/p>\n<p><a href=\"https:\/\/sivananda.org\/\">SWAMI SIVANANDA<\/a><\/p>\n<p><a href=\"http:\/\/www.arunachala-ramana.org\/index.htm\">SRI RAMANA MAHARSHI<\/a><\/p>\n<p><a href=\"http:\/\/www.himalayanacademy.com\/monastery\/lineage-philosophy\/gurudeva\">SATGURU SIVAYA SUBRAMUNIYASWAMI<\/a><\/p>\n<p><a href=\"https:\/\/astrosos.com\/\">AstroSos Best Astrologer<\/a><\/p>\n<p><a href=\"https:\/\/henkimaailma.wordpress.com\/\">HENKIMAAILMA<\/a><\/p>\n<p><a href=\"https:\/\/koruguru.com\/\">KORU GURU<\/a><\/p>\n<p><a href=\"https:\/\/www.kuukorento.fi\/fi\">KuuKorento El\u00e4m\u00e4niloisten Ihmisten Kauppa<\/a><\/p>\n<p><a title=\"\" href=\"http:\/\/www.helsinkimeditaatio.org\/\" target=\"\" rel=\"noopener noreferrer\">SHRI CHINMOY ILMAISET MEDITAATIO KURSSIT HELSINGISS\u00e4<\/a><\/p>\n<p><a title=\"\" href=\"https:\/\/www.joogaolemus.fi\/\" target=\"\" rel=\"noopener noreferrer\">VIJNANAJOOGAA HELSINKI<\/a><\/p>\n<p><a title=\"\" href=\"http:\/\/www.jooga-lakshmi.fi\/fi\/\" target=\"\" rel=\"noopener noreferrer\">YOGA CLUB LAKSMI HELSINKI<\/a><\/p>\n<p><a href=\"https:\/\/www.relaxx.fi\">RELAXX. HIERONTA<\/a><\/p>\n<p><a title=\"\" href=\"http:\/\/www.jooga.org\/\" target=\"\" rel=\"noopener noreferrer\">SAHAJA YOGA SUOMESSA (MAKSUTON MEDITAATIO KURSSI)<\/a><\/p>\n<p><a title=\"\" href=\"http:\/\/kurssit.meditaatio.org\/\" target=\"\" rel=\"noopener noreferrer\"><br \/>\n<\/a><a title=\"\" href=\"http:\/\/kurssit.meditaatio.org\/\" target=\"\" rel=\"noopener noreferrer\">TRANSSENDENTTINEN MEDITAATIO KURSSIT<\/a><\/p>\n<p><a title=\"\" href=\"http:\/\/www.samhita.fi\/\" target=\"\" rel=\"noopener noreferrer\">MAHARISHI AYURVEDA<\/a><br \/>\n<a title=\"\" href=\"http:\/\/www.vastu.fi\/etusivu.html\" target=\"\" rel=\"noopener noreferrer\"><br \/>\nMAHARISHI STHAPATHYA VEDA<\/a><\/p>\n<p><a title=\"\" href=\"http:\/\/www.krishna.fi\/\" target=\"\" rel=\"noopener noreferrer\">KRISHNALIIKE ISKCON SUOMESSA<\/a><\/p>\n<p><a title=\"\" href=\"http:\/\/laitman.fi\/\" target=\"\" rel=\"noopener noreferrer\">KABBALA JA EL\u00e4M\u00e4N TARKOITUS<\/a><br \/>\n<a title=\"\" href=\"http:\/\/www.kabbalah.info\/fi\/\" target=\"\" rel=\"noopener noreferrer\"><br \/>\nMIT\u00e4 ON KABBALA?<\/a><\/p>\n<p><a title=\"\" href=\"http:\/\/www.teosofinenseura.fi\/\" target=\"\" rel=\"noopener noreferrer\">TEOSOFINEN SEURA<\/a><\/p>\n<p><a title=\"\" href=\"http:\/\/www.kuudesaisti.net\/mestarien-matkassa\/ekhart-tolle-ja-hetkessa-elaminen\" target=\"\" rel=\"noopener noreferrer\">EKHART TOLLE JA HETKESS\u00e4 EL\u00e4MINEN<\/a><\/p>\n<p><a href=\"http:\/\/www.sampoyhdistys.fi\/\">SAMPOYHDISTYS RY<\/a><\/p>\n<p><a href=\"http:\/\/www.kalevalaseura.fi\/kaku\/sivu.php?n=p4a1&amp;s=p4a1s6&amp;h=hp4a1&amp;f=fp4s\">KALEVALA JA SUOMALAISEN MYTOLOGIAN TUTKIMUS<\/a><\/p>\n<p><a title=\"\" href=\"http:\/\/www.kalevalaseura.fi\/kaku\/index.php\" target=\"\" rel=\"noopener noreferrer\">KALEVALAN KULTTUURI HISTORIA<\/a><\/p>\n<p><a href=\"http:\/\/www.katajala.net\/viikinkiaika\/mytologia\/index.html\">VIIKINKIEN MYTOLOGIA<\/a><\/p>\n<p><a href=\"http:\/\/www.shamandrum.fi\/\">SHAMANI RUMPU-UKON PUOTI<\/a><\/p>\n<p><a href=\"http:\/\/www.fourwinds.fi\/\">NELJA TUULTA &#8211; FOUR WINDS TUKI RY<\/a><\/p>\n<p><a href=\"https:\/\/www.virko.fi\/\">VirKo<\/a><\/p>\n<p><a href=\"https:\/\/plan.fi\/mita-teemme\">PLAN INTERNATIONAL SUOMI<\/a><\/p>\n<p>&nbsp;<\/p>\n","protected":false},"excerpt":{"rendered":"<p>RAITTIUDEN YST\u00c4V\u00c4T RY P\u00c4IHTEET\u00d6NP\u00c4\u00c4 Ehk\u00e4isev\u00e4 p\u00e4ihdety\u00f6 EHYT ry ANNA LAPSELLE RAITIS JOULU EHK\u00c4ISEV\u00c4N P\u00c4IHDETY\u00d6N J\u00c4RJEST\u00d6VERKOSTO K\u00c4NNIKAPINA RAITTIUSYHDISTYS KOITTO RY Terveyden ja Hyvinvoinnin Laitos FOUNDATION FOR DRUG-FREE WORLD BASIC FACTS ABOUT COMMONLY ABUSED DRUGS Fact, Fiction &amp; Fraud in Modern Medicine THE ZEITGEIST FILM SERIES Mr. Freeman Suomen Suurloosi SUFI HEALING ORDER THE INAYATI ORDER INAYATIYYA ZIRAAT UNIVERSAL WORSHIP INAYATIYYA HEALING ACTIVITY SUFI RUHANIAT INTERNATIONAL Dances of Universal Peace HAZRAT INAYAT KHAN NEKHBAKHT FOUNDATION.Archives of Hazrat Inayat Khan PIR ZIA INAYAT-KHAN PIR VILAYAT INAYAT KHAN SHATAN ASHRAM Love. Devotion. Work. Knowledge SHATAN ASHRAMIN KOULUN TUKI RY RAMAKRISHNA MATH AND RAMAKRISHNA MISSION <\/p>\n","protected":false},"author":1,"featured_media":40374,"parent":0,"menu_order":0,"comment_status":"closed","ping_status":"closed","template":"","meta":{"footnotes":""},"class_list":["post-4607","page","type-page","status-publish","has-post-thumbnail","hentry","has_thumb"],"_links":{"self":[{"href":"https:\/\/www.revers-sun.fi\/fi\/wp-json\/wp\/v2\/pages\/4607","targetHints":{"allow":["GET"]}}],"collection":[{"href":"https:\/\/www.revers-sun.fi\/fi\/wp-json\/wp\/v2\/pages"}],"about":[{"href":"https:\/\/www.revers-sun.fi\/fi\/wp-json\/wp\/v2\/types\/page"}],"author":[{"embeddable":true,"href":"https:\/\/www.revers-sun.fi\/fi\/wp-json\/wp\/v2\/users\/1"}],"replies":[{"embeddable":true,"href":"https:\/\/www.revers-sun.fi\/fi\/wp-json\/wp\/v2\/comments?post=4607"}],"version-history":[{"count":9,"href":"https:\/\/www.revers-sun.fi\/fi\/wp-json\/wp\/v2\/pages\/4607\/revisions"}],"predecessor-version":[{"id":40908,"href":"https:\/\/www.revers-sun.fi\/fi\/wp-json\/wp\/v2\/pages\/4607\/revisions\/40908"}],"wp:featuredmedia":[{"embeddable":true,"href":"https:\/\/www.revers-sun.fi\/fi\/wp-json\/wp\/v2\/media\/40374"}],"wp:attachment":[{"href":"https:\/\/www.revers-sun.fi\/fi\/wp-json\/wp\/v2\/media?parent=4607"}],"curies":[{"name":"wp","href":"https:\/\/api.w.org\/{rel}","templated":true}]}}